{"id":847,"date":"2022-02-03T13:51:10","date_gmt":"2022-02-03T12:51:10","guid":{"rendered":"http:\/\/clusterkasserine.creativetunisia.tn\/?page_id=847"},"modified":"2022-02-04T09:45:59","modified_gmt":"2022-02-04T08:45:59","slug":"myriam-naili","status":"publish","type":"page","link":"https:\/\/clusterkasserine.creativetunisia.tn\/index.php\/myriam-naili\/","title":{"rendered":"Myriam Naili"},"content":{"rendered":"\t\t<div data-elementor-type=\"wp-page\" data-elementor-id=\"847\" class=\"elementor elementor-847\" data-elementor-settings=\"[]\">\n\t\t\t\t\t\t<div class=\"elementor-inner\">\n\t\t\t\t\t\t\t<div class=\"elementor-section-wrap\">\n\t\t\t\t\t\t\t<section class=\"elementor-section elementor-top-section elementor-element elementor-element-ee9c654 elementor-section-content-middle elementor-section-boxed elementor-section-height-default elementor-section-height-default\" data-id=\"ee9c654\" data-element_type=\"section\">\n\t\t\t\t\t\t<div class=\"elementor-container elementor-column-gap-default\">\n\t\t\t\t\t\t\t<div class=\"elementor-row\">\n\t\t\t\t\t<div class=\"aux-parallax-section elementor-column elementor-col-50 elementor-top-column elementor-element elementor-element-73923970\" data-id=\"73923970\" data-element_type=\"column\">\n\t\t\t<div class=\"elementor-column-wrap elementor-element-populated\">\n\t\t\t\t\t\t\t<div class=\"elementor-widget-wrap\">\n\t\t\t\t\t\t<div class=\"elementor-element elementor-element-3605da41 aux-appear-watch-animation aux-fade-in elementor-widget elementor-widget-aux_image\" data-id=\"3605da41\" data-element_type=\"widget\" data-widget_type=\"aux_image.default\">\n\t\t\t\t<div class=\"elementor-widget-container\">\n\t\t\t<section class=\"widget-container aux-widget-image aux-alignnone aux-parent-aue45bd597\" style=\"\" >\n    <div class=\"aux-media-hint-frame \">\n        <div class=\"aux-media-image  aux-tilt-box\" >\n        \n            \n\n            \n            <img loading=\"lazy\" width=\"480\" height=\"742\" src=\"https:\/\/clusterkasserine.creativetunisia.tn\/wp-content\/uploads\/2022\/02\/Myriam-Naili-p.jpg\" class=\"aux-attachment aux-featured-image aux-attachment-id-848\" alt=\"Myriam-Naili-p\" srcset=\"https:\/\/clusterkasserine.creativetunisia.tn\/wp-content\/uploads\/2022\/02\/Myriam-Naili-p-150x232.jpg 150w,https:\/\/clusterkasserine.creativetunisia.tn\/wp-content\/uploads\/2022\/02\/Myriam-Naili-p-300x464.jpg 300w,https:\/\/clusterkasserine.creativetunisia.tn\/wp-content\/uploads\/2022\/02\/Myriam-Naili-p.jpg 480w\" data-ratio=\"0.65\" data-original-w=\"480\" sizes=\"(max-width:479px) 480px,(max-width:767px) 768px,(max-width:1023px) 1024px,480px\" \/>            \n                <\/div>\n    <\/div>\n\n<\/section><!-- widget-container -->\t\t<\/div>\n\t\t\t\t<\/div>\n\t\t\t\t\t\t<\/div>\n\t\t\t\t\t<\/div>\n\t\t<\/div>\n\t\t\t\t<div class=\"aux-parallax-section elementor-column elementor-col-50 elementor-top-column elementor-element elementor-element-59a77ef7\" data-id=\"59a77ef7\" data-element_type=\"column\">\n\t\t\t<div class=\"elementor-column-wrap elementor-element-populated\">\n\t\t\t\t\t\t\t<div class=\"elementor-widget-wrap\">\n\t\t\t\t\t\t<div class=\"elementor-element elementor-element-4517d79f aux-appear-watch-animation aux-fade-in elementor-widget elementor-widget-aux_modern_heading\" data-id=\"4517d79f\" data-element_type=\"widget\" data-widget_type=\"aux_modern_heading.default\">\n\t\t\t\t<div class=\"elementor-widget-container\">\n\t\t\t<section class=\"aux-widget-modern-heading\">\n            <div class=\"aux-widget-inner\"><h2 class=\"aux-modern-heading-primary\">Myriam Naili<\/h2><h3 class=\"aux-modern-heading-secondary\"><span class=\"aux-head-before\">Designer<\/span><\/h3><\/div>\n        <\/section>\t\t<\/div>\n\t\t\t\t<\/div>\n\t\t\t\t<div class=\"elementor-element elementor-element-4aae8f7a elementor-icon-list--layout-inline elementor-align-left aux-appear-watch-animation aux-fade-in elementor-list-item-link-full_width elementor-widget elementor-widget-icon-list\" data-id=\"4aae8f7a\" data-element_type=\"widget\" data-widget_type=\"icon-list.default\">\n\t\t\t\t<div class=\"elementor-widget-container\">\n\t\t\t\t\t<ul class=\"elementor-icon-list-items elementor-inline-items\">\n\t\t\t\t\t\t\t<li class=\"elementor-icon-list-item elementor-inline-item\">\n\t\t\t\t\t\t\t\t\t\t\t<span class=\"elementor-icon-list-icon\">\n\t\t\t\t\t\t\t<i aria-hidden=\"true\" class=\"auxicon auxicon-ios-telephone\"><\/i>\t\t\t\t\t\t<\/span>\n\t\t\t\t\t\t\t\t\t\t<span class=\"elementor-icon-list-text\">+216 22 833 425<\/span>\n\t\t\t\t\t\t\t\t\t<\/li>\n\t\t\t\t\t\t\t\t<li class=\"elementor-icon-list-item elementor-inline-item\">\n\t\t\t\t\t\t\t\t\t\t\t<span class=\"elementor-icon-list-icon\">\n\t\t\t\t\t\t\t<i aria-hidden=\"true\" class=\"fas fa-envelope\"><\/i>\t\t\t\t\t\t<\/span>\n\t\t\t\t\t\t\t\t\t\t<span class=\"elementor-icon-list-text\">myriamnaili@gmail.com<\/span>\n\t\t\t\t\t\t\t\t\t<\/li>\n\t\t\t\t\t\t<\/ul>\n\t\t\t\t<\/div>\n\t\t\t\t<\/div>\n\t\t\t\t<div class=\"elementor-element elementor-element-5ec37da2 aux-appear-watch-animation aux-fade-in elementor-widget elementor-widget-aux_modern_heading\" data-id=\"5ec37da2\" data-element_type=\"widget\" data-widget_type=\"aux_modern_heading.default\">\n\t\t\t\t<div class=\"elementor-widget-container\">\n\t\t\t<section class=\"aux-widget-modern-heading\">\n            <div class=\"aux-widget-inner\"><h2 class=\"aux-modern-heading-primary\"><\/h2><div class=\"aux-modern-heading-description\"><p>Myriam Naili, d\u2019origine Franco-Tunisienne grandit entre ces deux pays: des \u00e9tudes \u00e0 Tunis au lyc\u00e9e<br \/>Fran\u00e7ais et un parcours \u00e0 Paris dans des \u00e9coles de th\u00e9\u00e2tres et de d\u00e9coration. Sa carri\u00e8re dans le<br \/>design et la d\u00e9coration d\u2019espace d\u00e9bute \u00e0 Tunis en 2008 et en 2014, une nouvelle page s\u2019\u00e9crit, elle lance sa marque de sacs en cuirs. Designer autodidacte, la cr\u00e9ativit\u00e9 et le besoin d\u2019am\u00e9liorer le quotidien sont les moteurs de sa passion.<\/p><\/div><\/div>\n        <\/section>\t\t<\/div>\n\t\t\t\t<\/div>\n\t\t\t\t\t\t<\/div>\n\t\t\t\t\t<\/div>\n\t\t<\/div>\n\t\t\t\t\t\t\t\t<\/div>\n\t\t\t\t\t<\/div>\n\t\t<\/section>\n\t\t\t\t\t\t<\/div>\n\t\t\t\t\t\t<\/div>\n\t\t\t\t\t<\/div>\n\t\t","protected":false},"excerpt":{"rendered":"<p>Myriam Naili Designer +216 22 833 425 myriamnaili@gmail.com Myriam Naili, d\u2019origine Franco-Tunisienne grandit entre ces deux pays: des \u00e9tudes \u00e0 Tunis au lyc\u00e9eFran\u00e7ais et un parcours \u00e0 Paris dans des \u00e9coles de th\u00e9\u00e2tres et de d\u00e9coration. Sa carri\u00e8re dans ledesign et la d\u00e9coration d\u2019espace d\u00e9bute \u00e0 Tunis en 2008 et en 2014, une nouvelle page [&hellip;]<\/p>\n","protected":false},"author":1,"featured_media":0,"parent":0,"menu_order":0,"comment_status":"closed","ping_status":"closed","template":"","meta":[],"_links":{"self":[{"href":"https:\/\/clusterkasserine.creativetunisia.tn\/index.php\/wp-json\/wp\/v2\/pages\/847"}],"collection":[{"href":"https:\/\/clusterkasserine.creativetunisia.tn\/index.php\/wp-json\/wp\/v2\/pages"}],"about":[{"href":"https:\/\/clusterkasserine.creativetunisia.tn\/index.php\/wp-json\/wp\/v2\/types\/page"}],"author":[{"embeddable":true,"href":"https:\/\/clusterkasserine.creativetunisia.tn\/index.php\/wp-json\/wp\/v2\/users\/1"}],"replies":[{"embeddable":true,"href":"https:\/\/clusterkasserine.creativetunisia.tn\/index.php\/wp-json\/wp\/v2\/comments?post=847"}],"version-history":[{"count":9,"href":"https:\/\/clusterkasserine.creativetunisia.tn\/index.php\/wp-json\/wp\/v2\/pages\/847\/revisions"}],"predecessor-version":[{"id":857,"href":"https:\/\/clusterkasserine.creativetunisia.tn\/index.php\/wp-json\/wp\/v2\/pages\/847\/revisions\/857"}],"wp:attachment":[{"href":"https:\/\/clusterkasserine.creativetunisia.tn\/index.php\/wp-json\/wp\/v2\/media?parent=847"}],"curies":[{"name":"wp","href":"https:\/\/api.w.org\/{rel}","templated":true}]}}