{"id":841,"date":"2022-02-03T13:15:37","date_gmt":"2022-02-03T12:15:37","guid":{"rendered":"http:\/\/clusterkasserine.creativetunisia.tn\/?page_id=841"},"modified":"2022-02-03T13:56:37","modified_gmt":"2022-02-03T12:56:37","slug":"mona-mnassar","status":"publish","type":"page","link":"https:\/\/clusterkasserine.creativetunisia.tn\/index.php\/mona-mnassar\/","title":{"rendered":"Mona M\u2019nassar"},"content":{"rendered":"\t\t<div data-elementor-type=\"wp-page\" data-elementor-id=\"841\" class=\"elementor elementor-841\" data-elementor-settings=\"[]\">\n\t\t\t\t\t\t<div class=\"elementor-inner\">\n\t\t\t\t\t\t\t<div class=\"elementor-section-wrap\">\n\t\t\t\t\t\t\t<section class=\"elementor-section elementor-top-section elementor-element elementor-element-ee9c654 elementor-section-content-middle elementor-section-boxed elementor-section-height-default elementor-section-height-default\" data-id=\"ee9c654\" data-element_type=\"section\">\n\t\t\t\t\t\t<div class=\"elementor-container elementor-column-gap-default\">\n\t\t\t\t\t\t\t<div class=\"elementor-row\">\n\t\t\t\t\t<div class=\"aux-parallax-section elementor-column elementor-col-50 elementor-top-column elementor-element elementor-element-73923970\" data-id=\"73923970\" data-element_type=\"column\">\n\t\t\t<div class=\"elementor-column-wrap elementor-element-populated\">\n\t\t\t\t\t\t\t<div class=\"elementor-widget-wrap\">\n\t\t\t\t\t\t<div class=\"elementor-element elementor-element-3605da41 aux-appear-watch-animation aux-fade-in elementor-widget elementor-widget-aux_image\" data-id=\"3605da41\" data-element_type=\"widget\" data-widget_type=\"aux_image.default\">\n\t\t\t\t<div class=\"elementor-widget-container\">\n\t\t\t<section class=\"widget-container aux-widget-image aux-alignnone aux-parent-aubf784812\" style=\"\" >\n    <div class=\"aux-media-hint-frame \">\n        <div class=\"aux-media-image  aux-tilt-box\" >\n        \n            \n\n            \n            <img loading=\"lazy\" width=\"480\" height=\"742\" src=\"https:\/\/clusterkasserine.creativetunisia.tn\/wp-content\/uploads\/2022\/02\/mona-mnsasser-p.jpg\" class=\"aux-attachment aux-featured-image aux-attachment-id-843\" alt=\"mona-mnsasser-p\" srcset=\"https:\/\/clusterkasserine.creativetunisia.tn\/wp-content\/uploads\/2022\/02\/mona-mnsasser-p-150x232.jpg 150w,https:\/\/clusterkasserine.creativetunisia.tn\/wp-content\/uploads\/2022\/02\/mona-mnsasser-p-300x464.jpg 300w,https:\/\/clusterkasserine.creativetunisia.tn\/wp-content\/uploads\/2022\/02\/mona-mnsasser-p.jpg 480w\" data-ratio=\"0.65\" data-original-w=\"480\" sizes=\"(max-width:479px) 480px,(max-width:767px) 768px,(max-width:1023px) 1024px,480px\" \/>            \n                <\/div>\n    <\/div>\n\n<\/section><!-- widget-container -->\t\t<\/div>\n\t\t\t\t<\/div>\n\t\t\t\t\t\t<\/div>\n\t\t\t\t\t<\/div>\n\t\t<\/div>\n\t\t\t\t<div class=\"aux-parallax-section elementor-column elementor-col-50 elementor-top-column elementor-element elementor-element-59a77ef7\" data-id=\"59a77ef7\" data-element_type=\"column\">\n\t\t\t<div class=\"elementor-column-wrap elementor-element-populated\">\n\t\t\t\t\t\t\t<div class=\"elementor-widget-wrap\">\n\t\t\t\t\t\t<div class=\"elementor-element elementor-element-4517d79f aux-appear-watch-animation aux-fade-in elementor-widget elementor-widget-aux_modern_heading\" data-id=\"4517d79f\" data-element_type=\"widget\" data-widget_type=\"aux_modern_heading.default\">\n\t\t\t\t<div class=\"elementor-widget-container\">\n\t\t\t<section class=\"aux-widget-modern-heading\">\n            <div class=\"aux-widget-inner\"><h2 class=\"aux-modern-heading-primary\">Mona M\u2019nassar<\/h2><h3 class=\"aux-modern-heading-secondary\"><span class=\"aux-head-before\">Designer<\/span><\/h3><\/div>\n        <\/section>\t\t<\/div>\n\t\t\t\t<\/div>\n\t\t\t\t<div class=\"elementor-element elementor-element-4aae8f7a elementor-icon-list--layout-inline elementor-align-left aux-appear-watch-animation aux-fade-in elementor-list-item-link-full_width elementor-widget elementor-widget-icon-list\" data-id=\"4aae8f7a\" data-element_type=\"widget\" data-widget_type=\"icon-list.default\">\n\t\t\t\t<div class=\"elementor-widget-container\">\n\t\t\t\t\t<ul class=\"elementor-icon-list-items elementor-inline-items\">\n\t\t\t\t\t\t\t<li class=\"elementor-icon-list-item elementor-inline-item\">\n\t\t\t\t\t\t\t\t\t\t\t<span class=\"elementor-icon-list-icon\">\n\t\t\t\t\t\t\t<i aria-hidden=\"true\" class=\"auxicon auxicon-ios-telephone\"><\/i>\t\t\t\t\t\t<\/span>\n\t\t\t\t\t\t\t\t\t\t<span class=\"elementor-icon-list-text\">+216 50 848 848<\/span>\n\t\t\t\t\t\t\t\t\t<\/li>\n\t\t\t\t\t\t\t\t<li class=\"elementor-icon-list-item elementor-inline-item\">\n\t\t\t\t\t\t\t\t\t\t\t<span class=\"elementor-icon-list-icon\">\n\t\t\t\t\t\t\t<i aria-hidden=\"true\" class=\"fas fa-envelope\"><\/i>\t\t\t\t\t\t<\/span>\n\t\t\t\t\t\t\t\t\t\t<span class=\"elementor-icon-list-text\">MNASSAR-MONA@hotmail.fr<\/span>\n\t\t\t\t\t\t\t\t\t<\/li>\n\t\t\t\t\t\t<\/ul>\n\t\t\t\t<\/div>\n\t\t\t\t<\/div>\n\t\t\t\t<div class=\"elementor-element elementor-element-5ec37da2 aux-appear-watch-animation aux-fade-in elementor-widget elementor-widget-aux_modern_heading\" data-id=\"5ec37da2\" data-element_type=\"widget\" data-widget_type=\"aux_modern_heading.default\">\n\t\t\t\t<div class=\"elementor-widget-container\">\n\t\t\t<section class=\"aux-widget-modern-heading\">\n            <div class=\"aux-widget-inner\"><h2 class=\"aux-modern-heading-primary\"><\/h2><div class=\"aux-modern-heading-description\"><p>C\u00e9ramiste par passion, apr\u00e8s des \u00e9tudes d\u2019arts et de design, Mona M\u2019Nassar a install\u00e9 son propre atelier \u00e0 Hammamet en 2015.<br \/>Membre du \u00ab cluster art de la table Nabeul \u00bb depuis 2016, elle a particip\u00e9 \u00e0 plusieurs expositions nationales et internationales.<br \/>L\u2019exp\u00e9rimentation, la recherche d\u2019un design \u00ab juste \u00bb et les \u00e9changes sont ses sources de motivation.<\/p><\/div><\/div>\n        <\/section>\t\t<\/div>\n\t\t\t\t<\/div>\n\t\t\t\t\t\t<\/div>\n\t\t\t\t\t<\/div>\n\t\t<\/div>\n\t\t\t\t\t\t\t\t<\/div>\n\t\t\t\t\t<\/div>\n\t\t<\/section>\n\t\t\t\t\t\t<\/div>\n\t\t\t\t\t\t<\/div>\n\t\t\t\t\t<\/div>\n\t\t","protected":false},"excerpt":{"rendered":"<p>Mona M\u2019nassar Designer +216 50 848 848 MNASSAR-MONA@hotmail.fr C\u00e9ramiste par passion, apr\u00e8s des \u00e9tudes d\u2019arts et de design, Mona M\u2019Nassar a install\u00e9 son propre atelier \u00e0 Hammamet en 2015.Membre du \u00ab cluster art de la table Nabeul \u00bb depuis 2016, elle a particip\u00e9 \u00e0 plusieurs expositions nationales et internationales.L\u2019exp\u00e9rimentation, la recherche d\u2019un design \u00ab juste [&hellip;]<\/p>\n","protected":false},"author":1,"featured_media":0,"parent":0,"menu_order":0,"comment_status":"closed","ping_status":"closed","template":"","meta":[],"_links":{"self":[{"href":"https:\/\/clusterkasserine.creativetunisia.tn\/index.php\/wp-json\/wp\/v2\/pages\/841"}],"collection":[{"href":"https:\/\/clusterkasserine.creativetunisia.tn\/index.php\/wp-json\/wp\/v2\/pages"}],"about":[{"href":"https:\/\/clusterkasserine.creativetunisia.tn\/index.php\/wp-json\/wp\/v2\/types\/page"}],"author":[{"embeddable":true,"href":"https:\/\/clusterkasserine.creativetunisia.tn\/index.php\/wp-json\/wp\/v2\/users\/1"}],"replies":[{"embeddable":true,"href":"https:\/\/clusterkasserine.creativetunisia.tn\/index.php\/wp-json\/wp\/v2\/comments?post=841"}],"version-history":[{"count":10,"href":"https:\/\/clusterkasserine.creativetunisia.tn\/index.php\/wp-json\/wp\/v2\/pages\/841\/revisions"}],"predecessor-version":[{"id":863,"href":"https:\/\/clusterkasserine.creativetunisia.tn\/index.php\/wp-json\/wp\/v2\/pages\/841\/revisions\/863"}],"wp:attachment":[{"href":"https:\/\/clusterkasserine.creativetunisia.tn\/index.php\/wp-json\/wp\/v2\/media?parent=841"}],"curies":[{"name":"wp","href":"https:\/\/api.w.org\/{rel}","templated":true}]}}