{"id":418,"date":"2021-12-20T11:24:24","date_gmt":"2021-12-20T10:24:24","guid":{"rendered":"http:\/\/clusterkasserine.creativetunisia.tn\/?page_id=418"},"modified":"2022-02-07T12:29:59","modified_gmt":"2022-02-07T11:29:59","slug":"institutions-dappui","status":"publish","type":"page","link":"https:\/\/clusterkasserine.creativetunisia.tn\/index.php\/institutions-dappui\/","title":{"rendered":"Institutions d\u2019appui"},"content":{"rendered":"\t\t<div data-elementor-type=\"wp-page\" data-elementor-id=\"418\" class=\"elementor elementor-418\" data-elementor-settings=\"[]\">\n\t\t\t\t\t\t<div class=\"elementor-inner\">\n\t\t\t\t\t\t\t<div class=\"elementor-section-wrap\">\n\t\t\t\t\t\t\t<section class=\"elementor-section elementor-top-section elementor-element elementor-element-20678639 elementor-section-boxed elementor-section-height-default elementor-section-height-default\" data-id=\"20678639\" data-element_type=\"section\">\n\t\t\t\t\t\t<div class=\"elementor-container elementor-column-gap-default\">\n\t\t\t\t\t\t\t<div class=\"elementor-row\">\n\t\t\t\t\t<div class=\"aux-parallax-section elementor-column elementor-col-100 elementor-top-column elementor-element elementor-element-7112a733\" data-id=\"7112a733\" data-element_type=\"column\">\n\t\t\t<div class=\"elementor-column-wrap elementor-element-populated\">\n\t\t\t\t\t\t\t<div class=\"elementor-widget-wrap\">\n\t\t\t\t\t\t<div class=\"elementor-element elementor-element-d5ba176 aux-appear-watch-animation aux-fade-in-up-1 elementor-widget elementor-widget-aux_modern_heading\" data-id=\"d5ba176\" data-element_type=\"widget\" data-widget_type=\"aux_modern_heading.default\">\n\t\t\t\t<div class=\"elementor-widget-container\">\n\t\t\t<section class=\"aux-widget-modern-heading\">\n            <div class=\"aux-widget-inner\"><h2 class=\"aux-modern-heading-primary\"><\/h2><h3 class=\"aux-modern-heading-secondary\"><span class=\"aux-head-before\">INSTITUTIONS D\u2019APPUI<\/span><\/h3><\/div>\n        <\/section>\t\t<\/div>\n\t\t\t\t<\/div>\n\t\t\t\t\t\t<\/div>\n\t\t\t\t\t<\/div>\n\t\t<\/div>\n\t\t\t\t\t\t\t\t<\/div>\n\t\t\t\t\t<\/div>\n\t\t<\/section>\n\t\t\t\t<section class=\"elementor-section elementor-top-section elementor-element elementor-element-6b5f93c3 elementor-section-boxed elementor-section-height-default elementor-section-height-default\" data-id=\"6b5f93c3\" data-element_type=\"section\">\n\t\t\t\t\t\t<div class=\"elementor-container elementor-column-gap-default\">\n\t\t\t\t\t\t\t<div class=\"elementor-row\">\n\t\t\t\t\t<div class=\"aux-parallax-section elementor-column elementor-col-50 elementor-top-column elementor-element elementor-element-5002f8f1\" data-id=\"5002f8f1\" data-element_type=\"column\" data-settings=\"{&quot;background_background&quot;:&quot;classic&quot;}\">\n\t\t\t<div class=\"elementor-column-wrap elementor-element-populated\">\n\t\t\t\t\t\t\t<div class=\"elementor-widget-wrap\">\n\t\t\t\t\t\t<div class=\"elementor-element elementor-element-7facd1dc elementor-widget elementor-widget-aux_image\" data-id=\"7facd1dc\" data-element_type=\"widget\" data-widget_type=\"aux_image.default\">\n\t\t\t\t<div class=\"elementor-widget-container\">\n\t\t\t<section class=\"widget-container aux-widget-image aux-alignnone aux-parent-au9f0aba97\" style=\"\" >\n    <div class=\"aux-media-hint-frame \">\n        <div class=\"aux-media-image \" >\n        \n            \n\n            \n            <img loading=\"lazy\" width=\"200\" height=\"200\" src=\"https:\/\/clusterkasserine.creativetunisia.tn\/wp-content\/uploads\/2021\/12\/onat-office-national-de-l-artisanat.jpg\" class=\"aux-attachment aux-featured-image aux-attachment-id-278\" alt=\"onat-office-national-de-l-artisanat.jpg\" data-ratio=\"1\" data-original-w=\"200\" \/>            \n                <\/div>\n    <\/div>\n\n<\/section><!-- widget-container -->\t\t<\/div>\n\t\t\t\t<\/div>\n\t\t\t\t<div class=\"elementor-element elementor-element-31646740 elementor-widget elementor-widget-aux_modern_heading\" data-id=\"31646740\" data-element_type=\"widget\" data-widget_type=\"aux_modern_heading.default\">\n\t\t\t\t<div class=\"elementor-widget-container\">\n\t\t\t<section class=\"aux-widget-modern-heading\">\n            <div class=\"aux-widget-inner\"><h2 class=\"aux-modern-heading-primary\">Office National de l\u2019Artisanat<\/h2><div class=\"aux-modern-heading-divider\"><\/div><\/div>\n        <\/section>\t\t<\/div>\n\t\t\t\t<\/div>\n\t\t\t\t<div class=\"elementor-element elementor-element-1de5671a elementor-widget elementor-widget-text-editor\" data-id=\"1de5671a\" data-element_type=\"widget\" data-widget_type=\"text-editor.default\">\n\t\t\t\t<div class=\"elementor-widget-container\">\n\t\t\t\t\t\t\t\t<div class=\"elementor-text-editor elementor-clearfix\">\n\t\t\t\t<p>L\u2019Office National de l\u2019artisanat (ONA) est le principal partenaire du projet Creative Tunisia. L\u2019ONA a pour principales missions de mettre en oeuvre la strat\u00e9gie de l\u2019Etat en mati\u00e8re de sauvegarde et de d\u00e9veloppement du secteur de l\u2019artisanat tunisien.<br \/>Partenaire majeur du Cluster Halfa \u00e0 Kasserine, l\u2019Office National de l\u2019Artisanat et particuli\u00e8rement la d\u00e9l\u00e9gation r\u00e9gionale de l\u2019artisanat bas\u00e9 \u00e0 Kasserine, ont \u00e9t\u00e9 \u00e0 l\u2019origine du montage du dossier de candidature \u00e0 l\u2019ONUDI, pour une demande d\u2019assistance technique pour le d\u00e9veloppement du Cluster Halfa \u00e0 Kasserine. \u00c9tablissant un diagnostic complet du secteur de la poterie dans la r\u00e9gion ainsi qu\u2019une identification de tous les artisans op\u00e9rant dans le secteur, la d\u00e9l\u00e9gation r\u00e9gionale a mis en place, avec le projet Creative Tunisia, la strat\u00e9gie et le plan d\u2019action du Cluster et coordonn\u00e9 toutes les rencontres entre les divers intervenants, \u00e0 savoir les artisans, les structures d\u2019appui et les institutions publiques. <\/p>\t\t\t\t\t<\/div>\n\t\t\t\t\t\t<\/div>\n\t\t\t\t<\/div>\n\t\t\t\t<div class=\"elementor-element elementor-element-3c0c82ff aux-appear-watch-animation aux-fade-in-up-1 elementor-widget elementor-widget-aux_button\" data-id=\"3c0c82ff\" data-element_type=\"widget\" data-widget_type=\"aux_button.default\">\n\t\t\t\t<div class=\"elementor-widget-container\">\n\t\t\t<a  href=\"http:\/\/www.artisanat.nat.tn\/fr\/home\/\" target=\"_self\"   class=\"aux-button aux-medium aux-pastel-orange aux-curve aux-none aux-uppercase\" ><span class=\"aux-overlay\"><\/span><span class=\"aux-text\">VISITER LE SITE WEB<\/span><\/a>\t\t<\/div>\n\t\t\t\t<\/div>\n\t\t\t\t\t\t<\/div>\n\t\t\t\t\t<\/div>\n\t\t<\/div>\n\t\t\t\t<div class=\"aux-parallax-section elementor-column elementor-col-50 elementor-top-column elementor-element elementor-element-6f07c224\" data-id=\"6f07c224\" data-element_type=\"column\" data-settings=\"{&quot;background_background&quot;:&quot;classic&quot;}\">\n\t\t\t<div class=\"elementor-column-wrap elementor-element-populated\">\n\t\t\t\t\t\t\t<div class=\"elementor-widget-wrap\">\n\t\t\t\t\t\t<div class=\"elementor-element elementor-element-35e865b5 elementor-widget elementor-widget-aux_image\" data-id=\"35e865b5\" data-element_type=\"widget\" data-widget_type=\"aux_image.default\">\n\t\t\t\t<div class=\"elementor-widget-container\">\n\t\t\t<section class=\"widget-container aux-widget-image aux-alignnone aux-parent-aubcb24158\" style=\"\" >\n    <div class=\"aux-media-hint-frame \">\n        <div class=\"aux-media-image \" >\n        \n            \n\n            \n            <img loading=\"lazy\" width=\"588\" height=\"200\" src=\"https:\/\/clusterkasserine.creativetunisia.tn\/wp-content\/uploads\/2022\/02\/Chambre-de-commerce-et-dindustries-du-Sud-Ouest.jpg\" class=\"aux-attachment aux-featured-image aux-attachment-id-1037\" alt=\"Chambre-de-commerce-et-d\u2019industries-du-Sud-Ouest\" data-ratio=\"2.94\" data-original-w=\"588\" \/>            \n                <\/div>\n    <\/div>\n\n<\/section><!-- widget-container -->\t\t<\/div>\n\t\t\t\t<\/div>\n\t\t\t\t<div class=\"elementor-element elementor-element-71304b8f elementor-widget elementor-widget-aux_modern_heading\" data-id=\"71304b8f\" data-element_type=\"widget\" data-widget_type=\"aux_modern_heading.default\">\n\t\t\t\t<div class=\"elementor-widget-container\">\n\t\t\t<section class=\"aux-widget-modern-heading\">\n            <div class=\"aux-widget-inner\"><h2 class=\"aux-modern-heading-primary\">Chambre de commerce et d\u2019industries du Sud-Ouest<\/h2><div class=\"aux-modern-heading-divider\"><\/div><\/div>\n        <\/section>\t\t<\/div>\n\t\t\t\t<\/div>\n\t\t\t\t<div class=\"elementor-element elementor-element-7437182f elementor-widget elementor-widget-text-editor\" data-id=\"7437182f\" data-element_type=\"widget\" data-widget_type=\"text-editor.default\">\n\t\t\t\t<div class=\"elementor-widget-container\">\n\t\t\t\t\t\t\t\t<div class=\"elementor-text-editor elementor-clearfix\">\n\t\t\t\t<p>La CCISO est un \u00e9tablissement public, qui repr\u00e9sente les int\u00e9r\u00eats des entreprises commerciales, industrielles et de services priv\u00e9s dans une logique d\u2019appui au d\u00e9veloppement territorial. Elle dispose d\u2019une large autonomie mais reste sous la tutelle administrative de l\u2019\u00c9tat.<\/p>\t\t\t\t\t<\/div>\n\t\t\t\t\t\t<\/div>\n\t\t\t\t<\/div>\n\t\t\t\t<div class=\"elementor-element elementor-element-5c2097b0 aux-appear-watch-animation aux-fade-in-up-1 elementor-widget elementor-widget-aux_button\" data-id=\"5c2097b0\" data-element_type=\"widget\" data-widget_type=\"aux_button.default\">\n\t\t\t\t<div class=\"elementor-widget-container\">\n\t\t\t<a  href=\"#\" target=\"_self\"   class=\"aux-button aux-medium aux-pastel-orange aux-curve aux-none aux-uppercase\" ><span class=\"aux-overlay\"><\/span><span class=\"aux-text\">VISITER LE SITE WEB<\/span><\/a>\t\t<\/div>\n\t\t\t\t<\/div>\n\t\t\t\t\t\t<\/div>\n\t\t\t\t\t<\/div>\n\t\t<\/div>\n\t\t\t\t\t\t\t\t<\/div>\n\t\t\t\t\t<\/div>\n\t\t<\/section>\n\t\t\t\t<section class=\"elementor-section elementor-top-section elementor-element elementor-element-af8676f elementor-section-boxed elementor-section-height-default elementor-section-height-default\" data-id=\"af8676f\" data-element_type=\"section\">\n\t\t\t\t\t\t<div class=\"elementor-container elementor-column-gap-default\">\n\t\t\t\t\t\t\t<div class=\"elementor-row\">\n\t\t\t\t\t<div class=\"aux-parallax-section elementor-column elementor-col-50 elementor-top-column elementor-element elementor-element-fc16254\" data-id=\"fc16254\" data-element_type=\"column\" data-settings=\"{&quot;background_background&quot;:&quot;classic&quot;}\">\n\t\t\t<div class=\"elementor-column-wrap elementor-element-populated\">\n\t\t\t\t\t\t\t<div class=\"elementor-widget-wrap\">\n\t\t\t\t\t\t<div class=\"elementor-element elementor-element-5afb0a1 elementor-widget elementor-widget-aux_image\" data-id=\"5afb0a1\" data-element_type=\"widget\" data-widget_type=\"aux_image.default\">\n\t\t\t\t<div class=\"elementor-widget-container\">\n\t\t\t<section class=\"widget-container aux-widget-image aux-alignnone aux-parent-auc34e8a9b\" style=\"\" >\n    <div class=\"aux-media-hint-frame \">\n        <div class=\"aux-media-image \" >\n        \n            \n\n            \n            <img loading=\"lazy\" width=\"200\" height=\"200\" src=\"https:\/\/clusterkasserine.creativetunisia.tn\/wp-content\/uploads\/2022\/02\/initiative-kaserine.jpg\" class=\"aux-attachment aux-featured-image aux-attachment-id-1038\" alt=\"initiative-kaserine\" data-ratio=\"1\" data-original-w=\"200\" \/>            \n                <\/div>\n    <\/div>\n\n<\/section><!-- widget-container -->\t\t<\/div>\n\t\t\t\t<\/div>\n\t\t\t\t<div class=\"elementor-element elementor-element-179ebb6 elementor-widget elementor-widget-aux_modern_heading\" data-id=\"179ebb6\" data-element_type=\"widget\" data-widget_type=\"aux_modern_heading.default\">\n\t\t\t\t<div class=\"elementor-widget-container\">\n\t\t\t<section class=\"aux-widget-modern-heading\">\n            <div class=\"aux-widget-inner\"><h2 class=\"aux-modern-heading-primary\">Initiative Kasserine <\/h2><div class=\"aux-modern-heading-divider\"><\/div><\/div>\n        <\/section>\t\t<\/div>\n\t\t\t\t<\/div>\n\t\t\t\t<div class=\"elementor-element elementor-element-7fbf866 elementor-widget elementor-widget-text-editor\" data-id=\"7fbf866\" data-element_type=\"widget\" data-widget_type=\"text-editor.default\">\n\t\t\t\t<div class=\"elementor-widget-container\">\n\t\t\t\t\t\t\t\t<div class=\"elementor-text-editor elementor-clearfix\">\n\t\t\t\t<p>Initiative Tunisie est un r\u00e9seau associatif de financement et d\u2019accompagnement des cr\u00e9ateurs et d\u00e9veloppeurs d\u2019entreprise tunisiens. Le r\u00e9seau est ancr\u00e9 localement avec 7 associations, les \u00ab plateformes Initiative Tunisie \u00bb \u00e0 M\u00e9denine, Gafsa, Sidi Bouzid, Kasserine, Jendouba, Kef et Kairouan. De nouvelles plateformes sont amen\u00e9es \u00e0 se cr\u00e9er et rejoindre le r\u00e9seau.<\/p>\t\t\t\t\t<\/div>\n\t\t\t\t\t\t<\/div>\n\t\t\t\t<\/div>\n\t\t\t\t<div class=\"elementor-element elementor-element-f6e92d3 aux-appear-watch-animation aux-fade-in-up-1 elementor-widget elementor-widget-aux_button\" data-id=\"f6e92d3\" data-element_type=\"widget\" data-widget_type=\"aux_button.default\">\n\t\t\t\t<div class=\"elementor-widget-container\">\n\t\t\t<a  href=\"https:\/\/initiative-tunisie.tn\/accueil\/\" target=\"_self\"   class=\"aux-button aux-medium aux-pastel-orange aux-curve aux-none aux-uppercase\" ><span class=\"aux-overlay\"><\/span><span class=\"aux-text\">VISITER LE SITE WEB<\/span><\/a>\t\t<\/div>\n\t\t\t\t<\/div>\n\t\t\t\t\t\t<\/div>\n\t\t\t\t\t<\/div>\n\t\t<\/div>\n\t\t\t\t<div class=\"aux-parallax-section elementor-column elementor-col-50 elementor-top-column elementor-element elementor-element-ab430c4\" data-id=\"ab430c4\" data-element_type=\"column\" data-settings=\"{&quot;background_background&quot;:&quot;classic&quot;}\">\n\t\t\t<div class=\"elementor-column-wrap elementor-element-populated\">\n\t\t\t\t\t\t\t<div class=\"elementor-widget-wrap\">\n\t\t\t\t\t\t<div class=\"elementor-element elementor-element-3ebb3fb elementor-widget elementor-widget-aux_image\" data-id=\"3ebb3fb\" data-element_type=\"widget\" data-widget_type=\"aux_image.default\">\n\t\t\t\t<div class=\"elementor-widget-container\">\n\t\t\t<section class=\"widget-container aux-widget-image aux-alignnone aux-parent-aub7b394cb\" style=\"\" >\n    <div class=\"aux-media-hint-frame \">\n        <div class=\"aux-media-image \" >\n        \n            \n\n            \n            <img loading=\"lazy\" width=\"200\" height=\"200\" src=\"https:\/\/clusterkasserine.creativetunisia.tn\/wp-content\/uploads\/2022\/02\/utica-kasserine.jpg\" class=\"aux-attachment aux-featured-image aux-attachment-id-1039\" alt=\"utica-kasserine\" data-ratio=\"1\" data-original-w=\"200\" \/>            \n                <\/div>\n    <\/div>\n\n<\/section><!-- widget-container -->\t\t<\/div>\n\t\t\t\t<\/div>\n\t\t\t\t<div class=\"elementor-element elementor-element-4a31179 elementor-widget elementor-widget-aux_modern_heading\" data-id=\"4a31179\" data-element_type=\"widget\" data-widget_type=\"aux_modern_heading.default\">\n\t\t\t\t<div class=\"elementor-widget-container\">\n\t\t\t<section class=\"aux-widget-modern-heading\">\n            <div class=\"aux-widget-inner\"><h2 class=\"aux-modern-heading-primary\">UTICA Kasserine<\/h2><div class=\"aux-modern-heading-divider\"><\/div><\/div>\n        <\/section>\t\t<\/div>\n\t\t\t\t<\/div>\n\t\t\t\t<div class=\"elementor-element elementor-element-7f31621 elementor-widget elementor-widget-text-editor\" data-id=\"7f31621\" data-element_type=\"widget\" data-widget_type=\"text-editor.default\">\n\t\t\t\t<div class=\"elementor-widget-container\">\n\t\t\t\t\t\t\t\t<div class=\"elementor-text-editor elementor-clearfix\">\n\t\t\t\t<p>Cr\u00e9e en 1947, l\u2019Union Tunisienne de l\u2019Industrie, du Commerce et de l\u2019Artisanat est la centrale patronale nationale ; elle regroupe les structures professionnelles des diff\u00e9rents secteurs \u00e9conomiques non agricoles (Industrie, Commerce, Services, Artisanat et Petits M\u00e9tiers).<br \/>L\u2019UTICA repr\u00e9sente pr\u00e8s de 150 000 entreprises priv\u00e9es issues de tous secteurs d\u2019activit\u00e9 (\u00e0 l\u2019exception du Tourisme et du secteur bancaire et financier). L\u2019essentiel de ces entreprises membres est constitu\u00e9 de petites et moyennes entreprises. L&#8217;UTICA compte plus de 25 000 responsables syndicaux.<\/p>\t\t\t\t\t<\/div>\n\t\t\t\t\t\t<\/div>\n\t\t\t\t<\/div>\n\t\t\t\t<div class=\"elementor-element elementor-element-394bd61 aux-appear-watch-animation aux-fade-in-up-1 elementor-widget elementor-widget-aux_button\" data-id=\"394bd61\" data-element_type=\"widget\" data-widget_type=\"aux_button.default\">\n\t\t\t\t<div class=\"elementor-widget-container\">\n\t\t\t<a  href=\"https:\/\/www.utica.org.tn\/Fr\/\" target=\"_self\"   class=\"aux-button aux-medium aux-pastel-orange aux-curve aux-none aux-uppercase\" ><span class=\"aux-overlay\"><\/span><span class=\"aux-text\">VISITER LE SITE WEB<\/span><\/a>\t\t<\/div>\n\t\t\t\t<\/div>\n\t\t\t\t\t\t<\/div>\n\t\t\t\t\t<\/div>\n\t\t<\/div>\n\t\t\t\t\t\t\t\t<\/div>\n\t\t\t\t\t<\/div>\n\t\t<\/section>\n\t\t\t\t\t\t<\/div>\n\t\t\t\t\t\t<\/div>\n\t\t\t\t\t<\/div>\n\t\t","protected":false},"excerpt":{"rendered":"<p>INSTITUTIONS D\u2019APPUI Office National de l\u2019Artisanat L\u2019Office National de l\u2019artisanat (ONA) est le principal partenaire du projet Creative Tunisia. L\u2019ONA a pour principales missions de mettre en oeuvre la strat\u00e9gie de l\u2019Etat en mati\u00e8re de sauvegarde et de d\u00e9veloppement du secteur de l\u2019artisanat tunisien.Partenaire majeur du Cluster Halfa \u00e0 Kasserine, l\u2019Office National de l\u2019Artisanat et [&hellip;]<\/p>\n","protected":false},"author":1,"featured_media":0,"parent":0,"menu_order":0,"comment_status":"closed","ping_status":"closed","template":"","meta":[],"_links":{"self":[{"href":"https:\/\/clusterkasserine.creativetunisia.tn\/index.php\/wp-json\/wp\/v2\/pages\/418"}],"collection":[{"href":"https:\/\/clusterkasserine.creativetunisia.tn\/index.php\/wp-json\/wp\/v2\/pages"}],"about":[{"href":"https:\/\/clusterkasserine.creativetunisia.tn\/index.php\/wp-json\/wp\/v2\/types\/page"}],"author":[{"embeddable":true,"href":"https:\/\/clusterkasserine.creativetunisia.tn\/index.php\/wp-json\/wp\/v2\/users\/1"}],"replies":[{"embeddable":true,"href":"https:\/\/clusterkasserine.creativetunisia.tn\/index.php\/wp-json\/wp\/v2\/comments?post=418"}],"version-history":[{"count":13,"href":"https:\/\/clusterkasserine.creativetunisia.tn\/index.php\/wp-json\/wp\/v2\/pages\/418\/revisions"}],"predecessor-version":[{"id":1042,"href":"https:\/\/clusterkasserine.creativetunisia.tn\/index.php\/wp-json\/wp\/v2\/pages\/418\/revisions\/1042"}],"wp:attachment":[{"href":"https:\/\/clusterkasserine.creativetunisia.tn\/index.php\/wp-json\/wp\/v2\/media?parent=418"}],"curies":[{"name":"wp","href":"https:\/\/api.w.org\/{rel}","templated":true}]}}