{"id":1034,"date":"2022-02-07T12:15:53","date_gmt":"2022-02-07T11:15:53","guid":{"rendered":"http:\/\/clusterkasserine.creativetunisia.tn\/?page_id=1034"},"modified":"2022-02-07T12:38:39","modified_gmt":"2022-02-07T11:38:39","slug":"structures-de-formation","status":"publish","type":"page","link":"https:\/\/clusterkasserine.creativetunisia.tn\/index.php\/structures-de-formation\/","title":{"rendered":"Structures de formation"},"content":{"rendered":"\t\t<div data-elementor-type=\"wp-page\" data-elementor-id=\"1034\" class=\"elementor elementor-1034\" data-elementor-settings=\"[]\">\n\t\t\t\t\t\t<div class=\"elementor-inner\">\n\t\t\t\t\t\t\t<div class=\"elementor-section-wrap\">\n\t\t\t\t\t\t\t<section class=\"elementor-section elementor-top-section elementor-element elementor-element-20678639 elementor-section-boxed elementor-section-height-default elementor-section-height-default\" data-id=\"20678639\" data-element_type=\"section\">\n\t\t\t\t\t\t<div class=\"elementor-container elementor-column-gap-default\">\n\t\t\t\t\t\t\t<div class=\"elementor-row\">\n\t\t\t\t\t<div class=\"aux-parallax-section elementor-column elementor-col-100 elementor-top-column elementor-element elementor-element-7112a733\" data-id=\"7112a733\" data-element_type=\"column\">\n\t\t\t<div class=\"elementor-column-wrap elementor-element-populated\">\n\t\t\t\t\t\t\t<div class=\"elementor-widget-wrap\">\n\t\t\t\t\t\t<div class=\"elementor-element elementor-element-d5ba176 aux-appear-watch-animation aux-fade-in-up-1 elementor-widget elementor-widget-aux_modern_heading\" data-id=\"d5ba176\" data-element_type=\"widget\" data-widget_type=\"aux_modern_heading.default\">\n\t\t\t\t<div class=\"elementor-widget-container\">\n\t\t\t<section class=\"aux-widget-modern-heading\">\n            <div class=\"aux-widget-inner\"><h2 class=\"aux-modern-heading-primary\"><\/h2><h3 class=\"aux-modern-heading-secondary\"><span class=\"aux-head-before\">STRUCTURES DE FORMATION<\/span><\/h3><\/div>\n        <\/section>\t\t<\/div>\n\t\t\t\t<\/div>\n\t\t\t\t\t\t<\/div>\n\t\t\t\t\t<\/div>\n\t\t<\/div>\n\t\t\t\t\t\t\t\t<\/div>\n\t\t\t\t\t<\/div>\n\t\t<\/section>\n\t\t\t\t<section class=\"elementor-section elementor-top-section elementor-element elementor-element-6b5f93c3 elementor-section-boxed elementor-section-height-default elementor-section-height-default\" data-id=\"6b5f93c3\" data-element_type=\"section\">\n\t\t\t\t\t\t<div class=\"elementor-container elementor-column-gap-default\">\n\t\t\t\t\t\t\t<div class=\"elementor-row\">\n\t\t\t\t\t<div class=\"aux-parallax-section elementor-column elementor-col-50 elementor-top-column elementor-element elementor-element-5002f8f1\" data-id=\"5002f8f1\" data-element_type=\"column\" data-settings=\"{&quot;background_background&quot;:&quot;classic&quot;}\">\n\t\t\t<div class=\"elementor-column-wrap elementor-element-populated\">\n\t\t\t\t\t\t\t<div class=\"elementor-widget-wrap\">\n\t\t\t\t\t\t<div class=\"elementor-element elementor-element-7facd1dc elementor-widget elementor-widget-aux_image\" data-id=\"7facd1dc\" data-element_type=\"widget\" data-widget_type=\"aux_image.default\">\n\t\t\t\t<div class=\"elementor-widget-container\">\n\t\t\t<section class=\"widget-container aux-widget-image aux-alignnone aux-parent-au429b7282\" style=\"\" >\n    <div class=\"aux-media-hint-frame \">\n        <div class=\"aux-media-image \" >\n        \n            \n\n            \n            <img loading=\"lazy\" width=\"200\" height=\"200\" src=\"https:\/\/clusterkasserine.creativetunisia.tn\/wp-content\/uploads\/2022\/02\/Institut-Superieur-des-Etudes-Technologiques-de-Kasserine-.jpg\" class=\"aux-attachment aux-featured-image aux-attachment-id-1045\" alt=\"Institut-Sup\u00e9rieur-des-\u00c9tudes-Technologiques-de-Kasserine-\" data-ratio=\"1\" data-original-w=\"200\" \/>            \n                <\/div>\n    <\/div>\n\n<\/section><!-- widget-container -->\t\t<\/div>\n\t\t\t\t<\/div>\n\t\t\t\t<div class=\"elementor-element elementor-element-31646740 elementor-widget elementor-widget-aux_modern_heading\" data-id=\"31646740\" data-element_type=\"widget\" data-widget_type=\"aux_modern_heading.default\">\n\t\t\t\t<div class=\"elementor-widget-container\">\n\t\t\t<section class=\"aux-widget-modern-heading\">\n            <div class=\"aux-widget-inner\"><h2 class=\"aux-modern-heading-primary\">Institut Sup\u00e9rieur des \u00c9tudes Technologiques de Kasserine <\/h2><div class=\"aux-modern-heading-divider\"><\/div><\/div>\n        <\/section>\t\t<\/div>\n\t\t\t\t<\/div>\n\t\t\t\t<div class=\"elementor-element elementor-element-1de5671a elementor-widget elementor-widget-text-editor\" data-id=\"1de5671a\" data-element_type=\"widget\" data-widget_type=\"text-editor.default\">\n\t\t\t\t<div class=\"elementor-widget-container\">\n\t\t\t\t\t\t\t\t<div class=\"elementor-text-editor elementor-clearfix\">\n\t\t\t\t<p>L\u2019ISET de Kasserine est un \u00e9tablissement d\u2019enseignement sup\u00e9rieur sous la tutelle du minist\u00e8re de l\u2019enseignement sup\u00e9rieur et de la recherche scientifique. Notre institut offre une formation \u00e0 vocation technologique d\u2019actualit\u00e9s sous la supervision de la Direction G\u00e9n\u00e9rale des \u00c9tudes Technologiques (DGET).<br \/>Bas\u00e9 sur quatre d\u00e9partements sp\u00e9cialis\u00e9s en sciences \u00e9conomiques et gestion, Technologies de l\u2019Informatique, G\u00e9nie M\u00e9canique et G\u00e9nie \u00e9lectrique, l\u2019\u00e9tablissement propose un dipl\u00f4me de licence appliqu\u00e9e (Bac+3) suite \u00e0 une formation acad\u00e9mique d\u2019actualit\u00e9 technologiques essayant de contribuer au d\u00e9veloppement \u00e9conomique r\u00e9gional et national tout en s\u2019ouvrant sur son environnement social et \u00e9conomique.<\/p>\t\t\t\t\t<\/div>\n\t\t\t\t\t\t<\/div>\n\t\t\t\t<\/div>\n\t\t\t\t<div class=\"elementor-element elementor-element-3c0c82ff aux-appear-watch-animation aux-fade-in-up-1 elementor-widget elementor-widget-aux_button\" data-id=\"3c0c82ff\" data-element_type=\"widget\" data-widget_type=\"aux_button.default\">\n\t\t\t\t<div class=\"elementor-widget-container\">\n\t\t\t<a  href=\"http:\/\/www.isetks.rnu.tn\/fr\/\" target=\"_self\"   class=\"aux-button aux-medium aux-pastel-orange aux-curve aux-none aux-uppercase\" ><span class=\"aux-overlay\"><\/span><span class=\"aux-text\">VISITER LE SITE WEB<\/span><\/a>\t\t<\/div>\n\t\t\t\t<\/div>\n\t\t\t\t\t\t<\/div>\n\t\t\t\t\t<\/div>\n\t\t<\/div>\n\t\t\t\t<div class=\"aux-parallax-section elementor-column elementor-col-50 elementor-top-column elementor-element elementor-element-6f07c224\" data-id=\"6f07c224\" data-element_type=\"column\" data-settings=\"{&quot;background_background&quot;:&quot;classic&quot;}\">\n\t\t\t<div class=\"elementor-column-wrap elementor-element-populated\">\n\t\t\t\t\t\t\t<div class=\"elementor-widget-wrap\">\n\t\t\t\t\t\t<div class=\"elementor-element elementor-element-35e865b5 elementor-widget elementor-widget-aux_image\" data-id=\"35e865b5\" data-element_type=\"widget\" data-widget_type=\"aux_image.default\">\n\t\t\t\t<div class=\"elementor-widget-container\">\n\t\t\t<section class=\"widget-container aux-widget-image aux-alignnone aux-parent-auaaed6c41\" style=\"\" >\n    <div class=\"aux-media-hint-frame \">\n        <div class=\"aux-media-image \" >\n        \n            \n\n            \n            <img loading=\"lazy\" width=\"200\" height=\"200\" src=\"https:\/\/clusterkasserine.creativetunisia.tn\/wp-content\/uploads\/2022\/02\/Institut-Superieur-des-Arts-et-Metiers-de-Kasserine.jpg\" class=\"aux-attachment aux-featured-image aux-attachment-id-1046\" alt=\"Institut-Sup\u00e9rieur-des-Arts-et-M\u00e9tiers-de-Kasserine\" data-ratio=\"1\" data-original-w=\"200\" \/>            \n                <\/div>\n    <\/div>\n\n<\/section><!-- widget-container -->\t\t<\/div>\n\t\t\t\t<\/div>\n\t\t\t\t<div class=\"elementor-element elementor-element-71304b8f elementor-widget elementor-widget-aux_modern_heading\" data-id=\"71304b8f\" data-element_type=\"widget\" data-widget_type=\"aux_modern_heading.default\">\n\t\t\t\t<div class=\"elementor-widget-container\">\n\t\t\t<section class=\"aux-widget-modern-heading\">\n            <div class=\"aux-widget-inner\"><h2 class=\"aux-modern-heading-primary\">Institut Sup\u00e9rieur des Arts et M\u00e9tiers de Kasserine<\/h2><div class=\"aux-modern-heading-divider\"><\/div><\/div>\n        <\/section>\t\t<\/div>\n\t\t\t\t<\/div>\n\t\t\t\t<div class=\"elementor-element elementor-element-7437182f elementor-widget elementor-widget-text-editor\" data-id=\"7437182f\" data-element_type=\"widget\" data-widget_type=\"text-editor.default\">\n\t\t\t\t<div class=\"elementor-widget-container\">\n\t\t\t\t\t\t\t\t<div class=\"elementor-text-editor elementor-clearfix\">\n\t\t\t\t<p>L\u2019Institut Sup\u00e9rieur des Arts et M\u00e9tiers de Kasserine a pour mission principale d\u2019offrir des acquis diversifi\u00e9s dans le domaine de l\u2019art et ouverts sur l\u2019environnement, aux \u00e9tudiants qui se pr\u00e9parent \u00e0 exercer des m\u00e9tiers dans la cr\u00e9ation artistique, sur un cursus de cinq ans, apr\u00e8s le baccalaur\u00e9at, partag\u00e9 en deux cycles successifs, de trois ans et de deux ans et sanctionn\u00e9s par deux dipl\u00f4mes en licence et en master.<br \/>Il assure par ce fait, une formation acad\u00e9mique dans les disciplines des beaux-arts, des arts et m\u00e9tiers et de la musique, lesquelles disciplines promettent d\u2019importantes perspectives de formation et d\u2019employabilit\u00e9.<\/p>\t\t\t\t\t<\/div>\n\t\t\t\t\t\t<\/div>\n\t\t\t\t<\/div>\n\t\t\t\t<div class=\"elementor-element elementor-element-5c2097b0 aux-appear-watch-animation aux-fade-in-up-1 elementor-widget elementor-widget-aux_button\" data-id=\"5c2097b0\" data-element_type=\"widget\" data-widget_type=\"aux_button.default\">\n\t\t\t\t<div class=\"elementor-widget-container\">\n\t\t\t<a  href=\"http:\/\/www.isamkas.rnu.tn\/\" target=\"_self\"   class=\"aux-button aux-medium aux-pastel-orange aux-curve aux-none aux-uppercase\" ><span class=\"aux-overlay\"><\/span><span class=\"aux-text\">VISITER LE SITE WEB<\/span><\/a>\t\t<\/div>\n\t\t\t\t<\/div>\n\t\t\t\t\t\t<\/div>\n\t\t\t\t\t<\/div>\n\t\t<\/div>\n\t\t\t\t\t\t\t\t<\/div>\n\t\t\t\t\t<\/div>\n\t\t<\/section>\n\t\t\t\t<section class=\"elementor-section elementor-top-section elementor-element elementor-element-622fe08 elementor-section-boxed elementor-section-height-default elementor-section-height-default\" data-id=\"622fe08\" data-element_type=\"section\">\n\t\t\t\t\t\t<div class=\"elementor-container elementor-column-gap-default\">\n\t\t\t\t\t\t\t<div class=\"elementor-row\">\n\t\t\t\t\t<div class=\"aux-parallax-section elementor-column elementor-col-50 elementor-top-column elementor-element elementor-element-c358897\" data-id=\"c358897\" data-element_type=\"column\" data-settings=\"{&quot;background_background&quot;:&quot;classic&quot;}\">\n\t\t\t<div class=\"elementor-column-wrap elementor-element-populated\">\n\t\t\t\t\t\t\t<div class=\"elementor-widget-wrap\">\n\t\t\t\t\t\t<div class=\"elementor-element elementor-element-12f62f6 elementor-widget elementor-widget-aux_image\" data-id=\"12f62f6\" data-element_type=\"widget\" data-widget_type=\"aux_image.default\">\n\t\t\t\t<div class=\"elementor-widget-container\">\n\t\t\t<section class=\"widget-container aux-widget-image aux-alignnone aux-parent-au9aebc6fc\" style=\"\" >\n    <div class=\"aux-media-hint-frame \">\n        <div class=\"aux-media-image \" >\n        \n            \n\n            \n            <img loading=\"lazy\" width=\"200\" height=\"200\" src=\"https:\/\/clusterkasserine.creativetunisia.tn\/wp-content\/uploads\/2022\/02\/Centre-National-de-formation-Continue-et-de-Promotion-Professionnelle-CNFCPP.jpg\" class=\"aux-attachment aux-featured-image aux-attachment-id-1047\" alt=\"Centre-National-de-formation-Continue-et-de-Promotion-Professionnelle--CNFCPP\" data-ratio=\"1\" data-original-w=\"200\" \/>            \n                <\/div>\n    <\/div>\n\n<\/section><!-- widget-container -->\t\t<\/div>\n\t\t\t\t<\/div>\n\t\t\t\t<div class=\"elementor-element elementor-element-c295f42 elementor-widget elementor-widget-aux_modern_heading\" data-id=\"c295f42\" data-element_type=\"widget\" data-widget_type=\"aux_modern_heading.default\">\n\t\t\t\t<div class=\"elementor-widget-container\">\n\t\t\t<section class=\"aux-widget-modern-heading\">\n            <div class=\"aux-widget-inner\"><h2 class=\"aux-modern-heading-primary\">Centre National de formation Continue et de Promotion Professionnelle -CNFCPP<\/h2><div class=\"aux-modern-heading-divider\"><\/div><\/div>\n        <\/section>\t\t<\/div>\n\t\t\t\t<\/div>\n\t\t\t\t<div class=\"elementor-element elementor-element-4834f13 elementor-widget elementor-widget-text-editor\" data-id=\"4834f13\" data-element_type=\"widget\" data-widget_type=\"text-editor.default\">\n\t\t\t\t<div class=\"elementor-widget-container\">\n\t\t\t\t\t\t\t\t<div class=\"elementor-text-editor elementor-clearfix\">\n\t\t\t\t<p>Le CNFCPP est un organisme public sous tutelle du Minist\u00e8re de la Formation Professionnelle et de l\u2019Emploi, allie expertise, proximit\u00e9 et un engagement complet pour mieux vous servir.<br \/>Le CNFCPP est un centre d\u2019assistance et d\u2019accompagnement dans le diagnostic des besoins en formation, l\u2019\u00e9laboration de plan de formation, la r\u00e9alisation des actions de formation et leur \u00e9valuation.<br \/>Le CNFCPP est un centre qui g\u00e8re le dispositif de financement de vos activit\u00e9s de formation continue.<br \/>Le CNFCPP soutient le secteur de la consultance et des \u00e9tudes dans le domaine de la formation continue.<br \/>Le CNFCPP dispense des cycles de formation dipl\u00f4mante au profit des travailleurs favorisant la promotion professionnelle.<\/p>\t\t\t\t\t<\/div>\n\t\t\t\t\t\t<\/div>\n\t\t\t\t<\/div>\n\t\t\t\t<div class=\"elementor-element elementor-element-756433f aux-appear-watch-animation aux-fade-in-up-1 elementor-widget elementor-widget-aux_button\" data-id=\"756433f\" data-element_type=\"widget\" data-widget_type=\"aux_button.default\">\n\t\t\t\t<div class=\"elementor-widget-container\">\n\t\t\t<a  href=\"http:\/\/www.cnfcpp.tn\/\" target=\"_self\"   class=\"aux-button aux-medium aux-pastel-orange aux-curve aux-none aux-uppercase\" ><span class=\"aux-overlay\"><\/span><span class=\"aux-text\">VISITER LE SITE WEB<\/span><\/a>\t\t<\/div>\n\t\t\t\t<\/div>\n\t\t\t\t\t\t<\/div>\n\t\t\t\t\t<\/div>\n\t\t<\/div>\n\t\t\t\t<div class=\"aux-parallax-section elementor-column elementor-col-50 elementor-top-column elementor-element elementor-element-9067355\" data-id=\"9067355\" data-element_type=\"column\" data-settings=\"{&quot;background_background&quot;:&quot;classic&quot;}\">\n\t\t\t<div class=\"elementor-column-wrap\">\n\t\t\t\t\t\t\t<div class=\"elementor-widget-wrap\">\n\t\t\t\t\t\t\t\t<\/div>\n\t\t\t\t\t<\/div>\n\t\t<\/div>\n\t\t\t\t\t\t\t\t<\/div>\n\t\t\t\t\t<\/div>\n\t\t<\/section>\n\t\t\t\t\t\t<\/div>\n\t\t\t\t\t\t<\/div>\n\t\t\t\t\t<\/div>\n\t\t","protected":false},"excerpt":{"rendered":"<p>STRUCTURES DE FORMATION Institut Sup\u00e9rieur des \u00c9tudes Technologiques de Kasserine L\u2019ISET de Kasserine est un \u00e9tablissement d\u2019enseignement sup\u00e9rieur sous la tutelle du minist\u00e8re de l\u2019enseignement sup\u00e9rieur et de la recherche scientifique. Notre institut offre une formation \u00e0 vocation technologique d\u2019actualit\u00e9s sous la supervision de la Direction G\u00e9n\u00e9rale des \u00c9tudes Technologiques (DGET).Bas\u00e9 sur quatre d\u00e9partements sp\u00e9cialis\u00e9s [&hellip;]<\/p>\n","protected":false},"author":1,"featured_media":0,"parent":0,"menu_order":0,"comment_status":"closed","ping_status":"closed","template":"","meta":[],"_links":{"self":[{"href":"https:\/\/clusterkasserine.creativetunisia.tn\/index.php\/wp-json\/wp\/v2\/pages\/1034"}],"collection":[{"href":"https:\/\/clusterkasserine.creativetunisia.tn\/index.php\/wp-json\/wp\/v2\/pages"}],"about":[{"href":"https:\/\/clusterkasserine.creativetunisia.tn\/index.php\/wp-json\/wp\/v2\/types\/page"}],"author":[{"embeddable":true,"href":"https:\/\/clusterkasserine.creativetunisia.tn\/index.php\/wp-json\/wp\/v2\/users\/1"}],"replies":[{"embeddable":true,"href":"https:\/\/clusterkasserine.creativetunisia.tn\/index.php\/wp-json\/wp\/v2\/comments?post=1034"}],"version-history":[{"count":5,"href":"https:\/\/clusterkasserine.creativetunisia.tn\/index.php\/wp-json\/wp\/v2\/pages\/1034\/revisions"}],"predecessor-version":[{"id":1074,"href":"https:\/\/clusterkasserine.creativetunisia.tn\/index.php\/wp-json\/wp\/v2\/pages\/1034\/revisions\/1074"}],"wp:attachment":[{"href":"https:\/\/clusterkasserine.creativetunisia.tn\/index.php\/wp-json\/wp\/v2\/media?parent=1034"}],"curies":[{"name":"wp","href":"https:\/\/api.w.org\/{rel}","templated":true}]}}